{"id":1714,"date":"2021-02-28T19:53:24","date_gmt":"2021-02-28T22:53:24","guid":{"rendered":"https:\/\/asconsultoria.com.br\/safeguards\/"},"modified":"2021-02-28T19:53:28","modified_gmt":"2021-02-28T22:53:28","slug":"safeguards","status":"publish","type":"page","link":"https:\/\/asconsultoria.com.br\/en\/safeguards\/","title":{"rendered":"Safeguards"},"content":{"rendered":"<p>[et_pb_section bb_built=&#8221;1&#8243; fullwidth=&#8221;on&#8221; specialty=&#8221;off&#8221; _builder_version=&#8221;3.9&#8243; next_background_color=&#8221;#000000&#8243;][et_pb_fullwidth_slider admin_label=&#8221;SLIDER&#8221; _builder_version=&#8221;3.10&#8243; header_level=&#8221;h1&#8243; header_font=&#8221;Playfair Display|900||on|||||&#8221; header_text_align=&#8221;center&#8221; header_text_color=&#8221;#ffffff&#8221; header_font_size=&#8221;50&#8243; header_font_size_tablet=&#8221;42&#8243; header_font_size_phone=&#8221;30&#8243; header_font_size_last_edited=&#8221;on|desktop&#8221; header_line_height=&#8221;1.3em&#8221; body_font=&#8221;Open Sans||||||||&#8221; body_text_color=&#8221;#ffffff&#8221; body_font_size=&#8221;20&#8243; body_font_size_last_edited=&#8221;on|phone&#8221; body_line_height=&#8221;1.5em&#8221; button_alignment=&#8221;center&#8221; body_font_size_phone=&#8221;18&#8243; custom_button=&#8221;on&#8221; button_text_size=&#8221;15&#8243; button_text_color=&#8221;#ffffff&#8221; button_bg_color=&#8221;#f5a21a&#8221; button_font=&#8221;Mr Eaves XL Mod OT-Heavy||||||||&#8221; button_use_icon=&#8221;off&#8221; button_text_color_hover=&#8221;#000000&#8243; button_bg_color_hover=&#8221;#f5a21a&#8221; module_class=&#8221;et_fullscreen_slider&#8221;][et_pb_slide _builder_version=&#8221;3.10&#8243; background_color=&#8221;#f4f4f4&#8243; use_background_color_gradient=&#8221;off&#8221; background_color_gradient_start=&#8221;#2b87da&#8221; background_color_gradient_end=&#8221;#29c4a9&#8243; background_color_gradient_type=&#8221;linear&#8221; background_color_gradient_direction=&#8221;180deg&#8221; background_color_gradient_direction_radial=&#8221;center&#8221; background_color_gradient_start_position=&#8221;0%&#8221; background_color_gradient_end_position=&#8221;100%&#8221; background_color_gradient_overlays_image=&#8221;off&#8221; parallax=&#8221;on&#8221; parallax_method=&#8221;on&#8221; background_size=&#8221;cover&#8221; background_position=&#8221;bottom_center&#8221; background_repeat=&#8221;no-repeat&#8221; background_blend=&#8221;normal&#8221; allow_player_pause=&#8221;off&#8221; background_video_pause_outside_viewport=&#8221;on&#8221; use_bg_overlay=&#8221;on&#8221; use_text_overlay=&#8221;off&#8221; text_border_radius=&#8221;3&#8243; alignment=&#8221;center&#8221; child_filter_hue_rotate=&#8221;0deg&#8221; child_filter_saturate=&#8221;100%&#8221; child_filter_brightness=&#8221;100%&#8221; child_filter_contrast=&#8221;100%&#8221; child_filter_invert=&#8221;0%&#8221; child_filter_sepia=&#8221;0%&#8221; child_filter_opacity=&#8221;100%&#8221; child_filter_blur=&#8221;0px&#8221; child_mix_blend_mode=&#8221;normal&#8221; background_layout=&#8221;dark&#8221; text_shadow_style=&#8221;preset3&#8243; header_text_shadow_style=&#8221;none&#8221; body_text_shadow_style=&#8221;none&#8221; custom_button=&#8221;off&#8221; button_bg_use_color_gradient=&#8221;off&#8221; button_bg_color_gradient_overlays_image=&#8221;off&#8221; button_use_icon=&#8221;on&#8221; button_on_hover=&#8221;on&#8221; button_text_shadow_style=&#8221;none&#8221; box_shadow_style_button=&#8221;none&#8221; admin_title=&#8221;Salvaguardas&#8221; heading=&#8221;Safeguards&#8221; text_shadow_horizontal_length=&#8221;0em&#8221; text_shadow_vertical_length=&#8221;0em&#8221; text_shadow_blur_strength=&#8221;0.3em&#8221; header_font=&#8221;||||||||&#8221; header_text_shadow_horizontal_length=&#8221;0em&#8221; header_text_shadow_vertical_length=&#8221;0em&#8221; header_text_shadow_blur_strength=&#8221;0em&#8221; body_font=&#8221;||||||||&#8221; body_text_shadow_horizontal_length=&#8221;0em&#8221; body_text_shadow_vertical_length=&#8221;0em&#8221; body_text_shadow_blur_strength=&#8221;0em&#8221; button_font=&#8221;||||||||&#8221; button_text_shadow_horizontal_length=&#8221;0em&#8221; button_text_shadow_vertical_length=&#8221;0em&#8221; button_text_shadow_blur_strength=&#8221;0em&#8221; bg_overlay_color=&#8221;rgba(0,0,0,0.25)&#8221; button_link=&#8221;#&#8221; text_shadow_color=&#8221;rgba(0,0,0,0)&#8221; background_image=&#8221;https:\/\/asconsultoria.com.br\/wp-content\/uploads\/2018\/09\/Salvaguardas.jpg&#8221; \/][\/et_pb_fullwidth_slider][\/et_pb_section][et_pb_section bb_built=&#8221;1&#8243; _builder_version=&#8221;3.10&#8243; custom_margin=&#8221;0px|0px|0px|0px&#8221; custom_padding=&#8221;0px|0px|0px|0px&#8221; custom_padding_tablet=&#8221;100px|0px|100px|0px&#8221; custom_padding_phone=&#8221;50px|0px|50px|0px&#8221; custom_padding_last_edited=&#8221;off|desktop&#8221; next_background_color=&#8221;#000000&#8243; prev_background_color=&#8221;#000000&#8243; disabled=&#8221;off&#8221; disabled_on=&#8221;on|on|&#8221;][et_pb_row _builder_version=&#8221;3.10&#8243; padding_1_last_edited=&#8221;on|phone&#8221; padding_2_last_edited=&#8221;on|phone&#8221; custom_margin_last_edited=&#8221;off|desktop&#8221; make_equal=&#8221;on&#8221; module_alignment=&#8221;center&#8221; width_unit=&#8221;off&#8221; custom_width_percent=&#8221;100%&#8221; use_custom_gutter=&#8221;on&#8221; gutter_width=&#8221;2&#8243; custom_margin=&#8221;0px|0px|0px|0px&#8221; custom_padding=&#8221;0px|0px|0px|0px&#8221; padding_top_1=&#8221;8%&#8221; padding_bottom_1=&#8221;8%&#8221; padding_1_tablet=&#8221;8%|8%|5%|8%&#8221; padding_1_phone=&#8221;8%|8%|4%|8%&#8221; padding_top_2=&#8221;8%&#8221; padding_bottom_2=&#8221;8%&#8221; padding_2_tablet=&#8221;0px|8%|8%|8%&#8221; make_fullwidth=&#8221;on&#8221; use_custom_width=&#8221;on&#8221; custom_width_px=&#8221;2600px&#8221; padding_right_1=&#8221;0px&#8221; padding_left_1=&#8221;15%&#8221; padding_right_2=&#8221;15%&#8221; padding_left_2=&#8221;0px&#8221; module_class_1=&#8221;duas-colunas-left&#8221; module_class_2=&#8221;duas-colunas-right&#8221;][et_pb_column type=&#8221;1_3&#8243;][et_pb_sidebar _builder_version=&#8221;3.10&#8243; area=&#8221;et_pb_widget_area_2&#8243; header_font=&#8221;|||on|||||&#8221; header_text_align=&#8221;left&#8221; header_text_color=&#8221;#000000&#8243; header_font_size=&#8221;16&#8243; header_font_size_phone=&#8221;15&#8243; header_font_size_last_edited=&#8221;on|phone&#8221; header_line_height=&#8221;1.2em&#8221; body_font=&#8221;Open Sans||||||||&#8221; body_text_align=&#8221;left&#8221; body_font_size=&#8221;16&#8243; custom_margin=&#8221;0px|0px|0px|0px&#8221; custom_padding=&#8221;40px|40px|40px|40px&#8221; header_letter_spacing=&#8221;1px&#8221; show_border=&#8221;off&#8221; text_orientation=&#8221;left&#8221; custom_css_title=&#8221;margin-bottom: 20px;||font-family: mr-eaves-xl-modern, sans-serif;||font-weight: 700;&#8221; background_color=&#8221;#ffffff&#8221; box_shadow_style=&#8221;preset1&#8243; box_shadow_vertical=&#8221;0px&#8221; box_shadow_blur=&#8221;50px&#8221; box_shadow_color=&#8221;rgba(0,0,0,0.1)&#8221; custom_padding_last_edited=&#8221;off|desktop&#8221; saved_tabs=&#8221;all&#8221; \/][\/et_pb_column][et_pb_column type=&#8221;2_3&#8243;][et_pb_text _builder_version=&#8221;3.10&#8243; text_font=&#8221;Open Sans||||||||&#8221; text_font_size_tablet=&#8221;15px&#8221; text_font_size_last_edited=&#8221;on|tablet&#8221; custom_margin=&#8221;0px|0px|0px|0px&#8221; custom_margin_last_edited=&#8221;off|tablet&#8221; custom_padding=&#8221;0px|0px|0px|0px&#8221; text_font_size_phone=&#8221;14px&#8221;]<\/p>\n<p>Unlike anti-dumping and anti-subsidy actions pertaining to unfair practices, safeguards have a different nature and it is related to the lack of competitiveness of the domestic industry. The remedy is applied to all imports regardless their origin. The instrument is used to counteract surge of imports, usually unpredictable, as long as they cause or threaten to cause serious prejudice to the domestic industry. Such instrument has a temporary and exceptional character, seeking the recovery of the affected domestic industry. In parallel the domestic producers shall undertake an adjustment program with the aim of restoring their competitiveness to the international standards.<\/p>\n<p>[\/et_pb_text][\/et_pb_column][\/et_pb_row][\/et_pb_section][et_pb_section bb_built=&#8221;1&#8243; _builder_version=&#8221;3.10&#8243; custom_margin=&#8221;0px|0px|0px|0px&#8221; custom_padding=&#8221;0px|0px|0px|0px&#8221; custom_padding_tablet=&#8221;100px|0px|100px|0px&#8221; custom_padding_phone=&#8221;50px|0px|50px|0px&#8221; custom_padding_last_edited=&#8221;off|desktop&#8221; next_background_color=&#8221;#222222&#8243; prev_background_color=&#8221;#000000&#8243; disabled=&#8221;off&#8221; disabled_on=&#8221;||on&#8221;][et_pb_row _builder_version=&#8221;3.10&#8243; padding_1_last_edited=&#8221;on|phone&#8221; padding_2_last_edited=&#8221;on|phone&#8221; custom_margin_last_edited=&#8221;off|desktop&#8221; make_equal=&#8221;on&#8221; module_alignment=&#8221;center&#8221; width_unit=&#8221;off&#8221; custom_width_percent=&#8221;100%&#8221; use_custom_gutter=&#8221;on&#8221; gutter_width=&#8221;2&#8243; custom_margin=&#8221;0px|0px|0px|0px&#8221; custom_padding=&#8221;0px|0px|0px|0px&#8221; padding_top_1=&#8221;8%&#8221; padding_bottom_1=&#8221;8%&#8221; padding_1_tablet=&#8221;8%|8%|5%|8%&#8221; padding_1_phone=&#8221;8%|8%|4%|8%&#8221; padding_top_2=&#8221;8%&#8221; padding_bottom_2=&#8221;8%&#8221; padding_2_tablet=&#8221;0px|8%|8%|8%&#8221; make_fullwidth=&#8221;on&#8221; use_custom_width=&#8221;on&#8221; custom_width_px=&#8221;2600px&#8221; padding_right_1=&#8221;0px&#8221; padding_left_1=&#8221;15%&#8221; padding_right_2=&#8221;15%&#8221; padding_left_2=&#8221;0px&#8221; module_class_1=&#8221;duas-colunas-left&#8221; module_class_2=&#8221;duas-colunas-right&#8221;][et_pb_column type=&#8221;1_3&#8243;][et_pb_text _builder_version=&#8221;3.10&#8243; text_font=&#8221;Open Sans||||||||&#8221; text_font_size_tablet=&#8221;15px&#8221; text_font_size_last_edited=&#8221;on|tablet&#8221; custom_margin=&#8221;0px|0px|0px|0px&#8221; custom_margin_last_edited=&#8221;off|tablet&#8221; custom_padding=&#8221;0px|0px|0px|0px&#8221; text_font_size_phone=&#8221;14px&#8221;]<\/p>\n<p>Unlike anti-dumping and anti-subsidy actions pertaining to unfair practices, safeguards have a different nature and it is related to the lack of competitiveness of the domestic industry. The remedy is applied to all imports regardless their origin. The instrument is used to counteract surge of imports, usually unpredictable, as long as they cause or threaten to cause serious prejudice to the domestic industry. Such instrument has a temporary and exceptional character, seeking the recovery of the affected domestic industry. In parallel the domestic producers shall undertake an adjustment program with the aim of restoring their competitiveness to the international standards.<\/p>\n<p>[\/et_pb_text][\/et_pb_column][et_pb_column type=&#8221;2_3&#8243;][et_pb_sidebar _builder_version=&#8221;3.10&#8243; area=&#8221;et_pb_widget_area_2&#8243; header_font=&#8221;|||on|||||&#8221; header_text_align=&#8221;left&#8221; header_text_color=&#8221;#000000&#8243; header_font_size=&#8221;16&#8243; header_font_size_phone=&#8221;15&#8243; header_font_size_last_edited=&#8221;on|phone&#8221; header_line_height=&#8221;1.2em&#8221; body_font=&#8221;Open Sans||||||||&#8221; body_text_align=&#8221;left&#8221; body_font_size=&#8221;16&#8243; custom_margin=&#8221;0px|0px|0px|0px&#8221; custom_padding=&#8221;40px|40px|40px|40px&#8221; header_letter_spacing=&#8221;1px&#8221; show_border=&#8221;off&#8221; text_orientation=&#8221;left&#8221; custom_css_title=&#8221;margin-bottom: 20px;||font-family: mr-eaves-xl-modern, sans-serif;||font-weight: 700;&#8221; background_color=&#8221;#ffffff&#8221; box_shadow_style=&#8221;preset1&#8243; box_shadow_vertical=&#8221;0px&#8221; box_shadow_blur=&#8221;50px&#8221; box_shadow_color=&#8221;rgba(0,0,0,0.1)&#8221; custom_padding_last_edited=&#8221;off|desktop&#8221; saved_tabs=&#8221;all&#8221; \/][\/et_pb_column][\/et_pb_row][\/et_pb_section][et_pb_section bb_built=&#8221;1&#8243; custom_padding_last_edited=&#8221;off|desktop&#8221; _builder_version=&#8221;3.10&#8243; background_color=&#8221;#222222&#8243; custom_margin=&#8221;0px|0px|0px|0px&#8221; custom_padding=&#8221;0px|0px|0px|0px&#8221; custom_padding_tablet=&#8221;100px|0px|100px|0px&#8221; custom_padding_phone=&#8221;50px|0px|50px|0px&#8221; prev_background_color=&#8221;#ffffff&#8221; next_background_color=&#8221;#ffffff&#8221; global_module=&#8221;323&#8243;][et_pb_row global_parent=&#8221;323&#8243; use_custom_width=&#8221;on&#8221; width_unit=&#8221;off&#8221; custom_width_percent=&#8221;100%&#8221; use_custom_gutter=&#8221;on&#8221; gutter_width=&#8221;2&#8243; custom_padding=&#8221;0px|0px|0px|0px&#8221; custom_margin=&#8221;0px|0px|0px|0px&#8221; make_equal=&#8221;on&#8221; padding_top_1=&#8221;8%&#8221; padding_top_2=&#8221;8%&#8221; padding_right_1=&#8221;0px&#8221; padding_right_2=&#8221;15%&#8221; padding_bottom_1=&#8221;8%&#8221; padding_bottom_2=&#8221;8%&#8221; padding_left_1=&#8221;15%&#8221; padding_left_2=&#8221;0px&#8221; padding_1_tablet=&#8221;8%|8%|0%|8%&#8221; padding_2_tablet=&#8221;0px|8%|8%|8%&#8221; padding_1_last_edited=&#8221;on|desktop&#8221; padding_2_last_edited=&#8221;on|desktop&#8221; module_class_1=&#8221;duas-colunas-left-1&#8243; module_class_2=&#8221;duas-colunas-right-1&#8243; _builder_version=&#8221;3.10&#8243; module_alignment=&#8221;center&#8221; custom_margin_last_edited=&#8221;off|desktop&#8221;][et_pb_column type=&#8221;1_2&#8243;][et_pb_text admin_label=&#8221;Receber Diagn\u00f3stico de A\u00e7\u00e3o de Defesa Comercial para seu Produto&#8221; global_parent=&#8221;323&#8243; _builder_version=&#8221;3.10&#8243; text_font=&#8221;Playfair Display|700|||||||&#8221; text_text_color=&#8221;#ffffff&#8221; text_font_size=&#8221;36px&#8221; text_font_size_tablet=&#8221;32px&#8221; text_font_size_phone=&#8221;28px&#8221; text_font_size_last_edited=&#8221;on|desktop&#8221; text_line_height=&#8221;1.2em&#8221; custom_margin=&#8221;0px|0px|40px|0px&#8221; custom_margin_phone=&#8221;0px|0px|20px|0px&#8221; custom_margin_last_edited=&#8221;on|phone&#8221; custom_padding=&#8221;0px|0px|0px|0px&#8221;]<\/p>\n<p>Receive Diagnosis of Commercial Defense Action for your Product<\/p>\n<p>[\/et_pb_text][\/et_pb_column][et_pb_column type=&#8221;1_2&#8243;][et_pb_contact_form global_parent=&#8221;323&#8243; captcha=&#8221;off&#8221; submit_button_text=&#8221;REQUEST STUDY&#8221; _builder_version=&#8221;3.10&#8243; form_field_font=&#8221;Open Sans||||||||&#8221; form_field_text_align=&#8221;left&#8221; form_field_letter_spacing=&#8221;1px&#8221; form_field_line_height=&#8221;1em&#8221; custom_button=&#8221;on&#8221; button_text_size=&#8221;15px&#8221; button_text_color=&#8221;#ffffff&#8221; button_bg_color=&#8221;#f5a21a&#8221; button_use_icon=&#8221;off&#8221; button_text_color_hover=&#8221;rgba(0,0,0,0.5)&#8221; button_bg_color_hover=&#8221;#f5a21a&#8221; button_text_size_phone=&#8221;13&#8243; button_text_size_last_edited=&#8221;on|phone&#8221; text_orientation=&#8221;left&#8221; custom_css_contact_button=&#8221;padding: 12px 30px!important;||margin-top: 10px;||font-family: mr-eaves-xl-modern, sans-serif;||font-weight: 800;&#8221; module_id=&#8221;et_pb_contact_form_0&#8243; button_text_size_tablet=&#8221;14px&#8221;][et_pb_contact_field field_id=&#8221;Email&#8221; field_title=&#8221;E-mail&#8221; field_type=&#8221;email&#8221; fullwidth_field=&#8221;on&#8221; _builder_version=&#8221;3.9&#8243;][\/et_pb_contact_field][et_pb_contact_field field_id=&#8221;NCM&#8221; field_title=&#8221;NCM&#8221; _builder_version=&#8221;3.9&#8243;][\/et_pb_contact_field][et_pb_contact_field field_id=&#8221;Descri\u00e7\u00e3o&#8221; field_title=&#8221;Descri\u00e7\u00e3o&#8221; _builder_version=&#8221;3.9&#8243;][\/et_pb_contact_field][\/et_pb_contact_form][\/et_pb_column][\/et_pb_row][\/et_pb_section][et_pb_section bb_built=&#8221;1&#8243; custom_padding_last_edited=&#8221;on|desktop&#8221; module_id=&#8221;contato&#8221; module_class=&#8221;uma-coluna&#8221; _builder_version=&#8221;3.10&#8243; background_image=&#8221;https:\/\/asconsultoria.com.br\/wp-content\/uploads\/2018\/07\/searching-contacts-PSYAP3V1-1.jpg&#8221; parallax=&#8221;on&#8221; custom_margin=&#8221;0px|0px|0px|0px&#8221; custom_padding=&#8221;6%|18%|6%|15%&#8221; custom_padding_tablet=&#8221;8%|8%|8%|8%&#8221; custom_padding_phone=&#8221;4%|4%|4%|4%&#8221; prev_background_color=&#8221;#222222&#8243; global_module=&#8221;321&#8243;][et_pb_row global_parent=&#8221;321&#8243; use_custom_width=&#8221;on&#8221; width_unit=&#8221;off&#8221; custom_width_percent=&#8221;100%&#8221; use_custom_gutter=&#8221;on&#8221; gutter_width=&#8221;2&#8243; custom_padding=&#8221;0px|0px|0px|0px&#8221; custom_margin=&#8221;0px|0px|0px|0px&#8221; make_equal=&#8221;on&#8221; background_color_1=&#8221;rgba(34,34,34,0.6)&#8221; background_color_2=&#8221;rgba(34,34,34,0.6)&#8221; padding_top_1=&#8221;4%&#8221; padding_top_2=&#8221;4%&#8221; padding_right_1=&#8221;4%&#8221; padding_right_2=&#8221;4%&#8221; padding_bottom_1=&#8221;4%&#8221; padding_bottom_2=&#8221;4%&#8221; padding_left_1=&#8221;4%&#8221; padding_left_2=&#8221;4%&#8221; padding_1_last_edited=&#8221;on|desktop&#8221; padding_2_last_edited=&#8221;off|desktop&#8221; module_class_1=&#8221;duas-colunas-left-3&#8243; module_class_2=&#8221;duas-colunas-right-3&#8243; _builder_version=&#8221;3.10&#8243; module_alignment=&#8221;center&#8221; custom_margin_last_edited=&#8221;off|desktop&#8221;][et_pb_column type=&#8221;2_3&#8243;][et_pb_text admin_label=&#8221;Contato&#8221; global_parent=&#8221;321&#8243; _builder_version=&#8221;3.10&#8243; text_font=&#8221;Playfair Display|700|||||||&#8221; text_text_color=&#8221;#ffffff&#8221; text_font_size=&#8221;58px&#8221; text_font_size_tablet=&#8221;50px&#8221; text_font_size_phone=&#8221;32px&#8221; text_font_size_last_edited=&#8221;on|desktop&#8221; text_line_height=&#8221;1.2em&#8221; custom_margin=&#8221;0px|0px|40px|0px&#8221; custom_margin_phone=&#8221;0px|0px|20px|0px&#8221; custom_margin_last_edited=&#8221;on|phone&#8221; custom_padding=&#8221;0px|0px|0px|0px&#8221;]<\/p>\n<p>Contact<\/p>\n<p>[\/et_pb_text][et_pb_contact_form global_parent=&#8221;321&#8243; email=&#8221;desenvolvimento@ellaform.com.br&#8221; submit_button_text=&#8221;ENVIAR&#8221; form_background_color=&#8221;#000000&#8243; module_id=&#8221;et_pb_contact_form_1&#8243; _builder_version=&#8221;3.10&#8243; title_text_align=&#8221;left&#8221; form_field_text_align=&#8221;left&#8221; form_field_text_color=&#8221;#909090&#8243; form_field_letter_spacing=&#8221;1px&#8221; custom_button=&#8221;on&#8221; button_text_size=&#8221;15px&#8221; button_text_color=&#8221;#ffffff&#8221; button_bg_color=&#8221;#f5a21a&#8221; button_font=&#8221;|700|||||||&#8221; button_use_icon=&#8221;off&#8221; button_text_color_hover=&#8221;rgba(0,0,0,0.5)&#8221; button_bg_color_hover=&#8221;#f5a21a&#8221; button_text_size_tablet=&#8221;14px&#8221; button_text_size_phone=&#8221;13px&#8221; button_text_size_last_edited=&#8221;on|phone&#8221; text_orientation=&#8221;left&#8221; custom_css_contact_button=&#8221;padding: 12px 30px!important;||font-family: mr-eaves-xl-modern, sans-serif;||font-weight: 800;&#8221;][et_pb_contact_field field_id=&#8221;Nome&#8221; field_title=&#8221;Name&#8221; _builder_version=&#8221;3.10&#8243;][\/et_pb_contact_field][et_pb_contact_field field_id=&#8221;Email&#8221; field_title=&#8221;E-mail&#8221; field_type=&#8221;email&#8221; _builder_version=&#8221;3.10&#8243;][\/et_pb_contact_field][et_pb_contact_field field_id=&#8221;Cidade\/Estado&#8221; field_title=&#8221;City\/State&#8221; _builder_version=&#8221;3.10&#8243;][\/et_pb_contact_field][et_pb_contact_field field_id=&#8221;Empresa&#8221; field_title=&#8221;Empresa&#8221; _builder_version=&#8221;3.10&#8243;][\/et_pb_contact_field][et_pb_contact_field field_id=&#8221;Assunto&#8221; field_title=&#8221;Subject&#8221; fullwidth_field=&#8221;on&#8221; _builder_version=&#8221;3.10&#8243;][\/et_pb_contact_field][et_pb_contact_field field_id=&#8221;Message&#8221; field_title=&#8221;Message&#8221; field_type=&#8221;text&#8221; fullwidth_field=&#8221;on&#8221; _builder_version=&#8221;3.10&#8243;][\/et_pb_contact_field][\/et_pb_contact_form][\/et_pb_column][et_pb_column type=&#8221;1_3&#8243;][et_pb_blurb admin_label=&#8221;Endere\u00e7o&#8221; global_parent=&#8221;321&#8243; use_icon=&#8221;on&#8221; font_icon=&#8221;%%236%%&#8221; icon_color=&#8221;#ffffff&#8221; use_icon_font_size=&#8221;on&#8221; icon_font_size=&#8221;25px&#8221; _builder_version=&#8221;3.10&#8243; body_text_color=&#8221;#ffffff&#8221; body_font_size=&#8221;16&#8243; body_font_size_tablet=&#8221;15&#8243; body_font_size_last_edited=&#8221;on|tablet&#8221; border_width_bottom=&#8221;1px&#8221; border_color_bottom=&#8221;#ffffff&#8221; text_orientation=&#8221;center&#8221; custom_margin=&#8221;0px|0px|0px|0px&#8221; custom_padding=&#8221;4%|4%|12%|4%&#8221;]<\/p>\n<p>SHIN CA 01 <span class=\"m_6394751792072038460m_1409310592499844754SpellE\">Bl<\/span>. A Conjunto 139 Ed. Deck Norte<\/p>\n<p>CEP 71.503-501<\/p>\n<p>[\/et_pb_blurb][et_pb_blurb admin_label=&#8221;Telefone&#8221; global_parent=&#8221;321&#8243; use_icon=&#8221;on&#8221; font_icon=&#8221;%%264%%&#8221; icon_color=&#8221;#ffffff&#8221; use_icon_font_size=&#8221;on&#8221; icon_font_size=&#8221;25px&#8221; _builder_version=&#8221;3.10&#8243; body_text_color=&#8221;#ffffff&#8221; body_font_size=&#8221;16&#8243; body_font_size_tablet=&#8221;15&#8243; body_font_size_last_edited=&#8221;on|tablet&#8221; border_width_bottom=&#8221;1px&#8221; border_color_bottom=&#8221;#ffffff&#8221; text_orientation=&#8221;center&#8221; custom_margin=&#8221;0px|0px|0px|0px&#8221; custom_padding=&#8221;12%|4%|12%|4%&#8221;]<\/p>\n<p>+55 61 3468-2150<\/p>\n<p>[\/et_pb_blurb][et_pb_blurb admin_label=&#8221;E-mail&#8221; global_parent=&#8221;321&#8243; use_icon=&#8221;on&#8221; font_icon=&#8221;%%238%%&#8221; icon_color=&#8221;#ffffff&#8221; use_icon_font_size=&#8221;on&#8221; icon_font_size=&#8221;25px&#8221; _builder_version=&#8221;3.10&#8243; body_text_color=&#8221;#ffffff&#8221; body_font_size=&#8221;16&#8243; body_font_size_tablet=&#8221;15&#8243; body_font_size_last_edited=&#8221;on|tablet&#8221; text_orientation=&#8221;center&#8221; custom_margin=&#8221;0px|0px|0px|0px&#8221; custom_padding=&#8221;12%|4%|4%|4%&#8221;]<\/p>\n<p><a href=\"mailto:asconsultoria@asconsultoria.com.br\" target=\"_blank\" rel=\"noopener\">asconsultoria@asconsultoria.com.br<\/a><\/p>\n<p>[\/et_pb_blurb][\/et_pb_column][\/et_pb_row][\/et_pb_section]<\/p>\n","protected":false},"excerpt":{"rendered":"<p>Unlike anti-dumping and anti-subsidy actions pertaining to unfair practices, safeguards have a different nature and it is related to the lack of competitiveness of the domestic industry. The remedy is applied to all imports regardless their origin. The instrument is used to counteract surge of imports, usually unpredictable, as long as they cause or threaten [&hellip;]<\/p>\n","protected":false},"author":3,"featured_media":0,"parent":0,"menu_order":0,"comment_status":"closed","ping_status":"closed","template":"","meta":{"_et_pb_use_builder":"on","_et_pb_old_content":"","_et_gb_content_width":"","footnotes":""},"class_list":["post-1714","page","type-page","status-publish","hentry"],"jetpack_sharing_enabled":true,"_links":{"self":[{"href":"https:\/\/asconsultoria.com.br\/en\/wp-json\/wp\/v2\/pages\/1714","targetHints":{"allow":["GET"]}}],"collection":[{"href":"https:\/\/asconsultoria.com.br\/en\/wp-json\/wp\/v2\/pages"}],"about":[{"href":"https:\/\/asconsultoria.com.br\/en\/wp-json\/wp\/v2\/types\/page"}],"author":[{"embeddable":true,"href":"https:\/\/asconsultoria.com.br\/en\/wp-json\/wp\/v2\/users\/3"}],"replies":[{"embeddable":true,"href":"https:\/\/asconsultoria.com.br\/en\/wp-json\/wp\/v2\/comments?post=1714"}],"version-history":[{"count":11,"href":"https:\/\/asconsultoria.com.br\/en\/wp-json\/wp\/v2\/pages\/1714\/revisions"}],"predecessor-version":[{"id":1726,"href":"https:\/\/asconsultoria.com.br\/en\/wp-json\/wp\/v2\/pages\/1714\/revisions\/1726"}],"wp:attachment":[{"href":"https:\/\/asconsultoria.com.br\/en\/wp-json\/wp\/v2\/media?parent=1714"}],"curies":[{"name":"wp","href":"https:\/\/api.w.org\/{rel}","templated":true}]}}